{"id":70,"date":"2024-01-23T12:36:47","date_gmt":"2024-01-23T11:36:47","guid":{"rendered":"https:\/\/purolatino.es\/almeria\/?page_id=70"},"modified":"2025-10-23T19:42:56","modified_gmt":"2025-10-23T17:42:56","slug":"menores","status":"publish","type":"page","link":"https:\/\/purolatino.es\/almeria\/menores\/","title":{"rendered":"MENORES"},"content":{"rendered":"<h1>\n<h1 class=\"uk-scrollspy-inview uk-animation-slide-bottom\" uk-scrollspy-class=\"\">AUTORIZACI\u00d3N MENORES<\/h1>\n<\/h1>\n<hr>\n<div>\n<div class=\"uk-margin uk-scrollspy-inview uk-animation-slide-bottom\" uk-scrollspy-class=\"\">\n<h3><strong>MENORES DE 16 A\u00d1OS DE EDAD<\/strong><\/h3>\n<p><strong>Todo menor de 16 a\u00f1os de edad<\/strong> que vaya a acceder al recinto deber\u00e1 de <strong>ir acompa\u00f1ado<\/strong> de un progenitor o tutor\/a, portando igualmente fotocopia y original del DNI del progenitor o tutor\/a, fotocopia y original del DNI del menor, as\u00ed como el formulario de autorizaci\u00f3n y de aceptaci\u00f3n de responsabilidad, cumplimentado y firmado que pueden descargar de esta pesta\u00f1a. Dicha documentaci\u00f3n y control se realizar\u00e1 en la taquilla espec\u00edfica de \u201cMenores de Edad\u201d<\/p>\n<\/div>\n<div class=\"uk-margin uk-scrollspy-inview uk-animation-slide-bottom\" uk-scrollspy-class=\"\">\n<h3><strong>MENORES DE ENTRE 16 Y 18 A\u00d1OS DE EDAD<\/strong><\/h3>\n<div class=\"uk-margin uk-scrollspy-inview uk-animation-slide-bottom-medium uk-animation-slide-bottom\" uk-scrollspy-class=\"\">\n<p>En el Festival no se sirven bebidas alcoh\u00f3licas ni venta de tabaco a los menores de edad, pero pueden acceder al recinto del festival sin la compa\u00f1\u00eda de un adulto. Para hacerlo, deben portar fotocopia del DNI del progenitor o tutor\/a, una fotocopia y original de DNI del menor as\u00ed como el formulario de autorizaci\u00f3n y de aceptaci\u00f3n de responsabilidad, cumplimentado y firmado que pueden descargar de esta pesta\u00f1a. Dicha documentaci\u00f3n y control se realizar\u00e1 en la taquilla espec\u00edfica de \u201cMenores de Edad\u201d.<\/p>\n<\/div>\n<\/div>\n<\/div>\n<p><p>\n        <a href=\"\/almeria\/wp-content\/uploads\/sites\/16\/2025\/10\/AUT-MENORES-PL-ALMERIA-2026.pdf\">AUTORIZACI\u00d3N Y FORMULARIO ACCESO MENORES<\/a>\n    <\/p>\n<\/p>\n<p><!--more--><br \/>\n<!-- {\"type\":\"layout\",\"children\":[{\"type\":\"section\",\"props\":{\"animation\":\"slide-bottom\",\"image_position\":\"center-center\",\"style\":\"default\",\"title_breakpoint\":\"xl\",\"title_position\":\"top-left\",\"title_rotation\":\"left\",\"vertical_align\":\"\",\"width\":\"default\"},\"children\":[{\"type\":\"row\",\"children\":[{\"type\":\"column\",\"props\":{\"image_position\":\"center-center\",\"position_sticky_breakpoint\":\"m\",\"width_medium\":\"1-1\"},\"children\":[{\"type\":\"headline\",\"props\":{\"content\":\"\n\n<h1 class=\\\"uk-scrollspy-inview uk-animation-slide-bottom\\\" uk-scrollspy-class=\\\"\\\">AUTORIZACI\\u00d3N MENORES<\\\/h1>\",\"title_element\":\"h1\"}},{\"type\":\"divider\",\"props\":{\"divider_element\":\"hr\"}},{\"type\":\"text\",\"props\":{\"column_breakpoint\":\"m\",\"content\":\"\n\n<div class=\\\"uk-margin uk-scrollspy-inview uk-animation-slide-bottom\\\" uk-scrollspy-class=\\\"\\\">\\n\n\n<h3><strong>MENORES DE 16 A\\u00d1OS DE EDAD<\\\/strong><\\\/h3>\\n\n\n<p><strong>Todo menor de 16 a\\u00f1os de edad<\\\/strong> que vaya a acceder al recinto deber\\u00e1 de <strong>ir acompa\\u00f1ado<\\\/strong> de un progenitor o tutor\\\/a, portando igualmente fotocopia y original del DNI del progenitor o tutor\\\/a, fotocopia y original del DNI del menor, as\\u00ed como el formulario de autorizaci\\u00f3n y de aceptaci\\u00f3n de responsabilidad, cumplimentado y firmado que pueden descargar de esta pesta\\u00f1a. Dicha documentaci\\u00f3n y control se realizar\\u00e1 en la taquilla espec\\u00edfica de \\u201cMenores de Edad\\u201d<\\\/p>\\n<\\\/div>\\n\n\n<div class=\\\"uk-margin uk-scrollspy-inview uk-animation-slide-bottom\\\" uk-scrollspy-class=\\\"\\\">\\n\n\n<h3><strong>MENORES DE ENTRE 16 Y 18 A\\u00d1OS DE EDAD<\\\/strong><\\\/h3>\\n\n\n<div class=\\\"uk-margin uk-scrollspy-inview uk-animation-slide-bottom-medium uk-animation-slide-bottom\\\" uk-scrollspy-class=\\\"\\\">\\n\n\n<p>En el Festival no se sirven bebidas alcoh\\u00f3licas ni venta de tabaco a los menores de edad, pero pueden acceder al recinto del festival sin la compa\\u00f1\\u00eda de un adulto. Para hacerlo, deben portar fotocopia del DNI del progenitor o tutor\\\/a, una fotocopia y original de DNI del menor as\\u00ed como el formulario de autorizaci\\u00f3n y de aceptaci\\u00f3n de responsabilidad, cumplimentado y firmado que pueden descargar de esta pesta\\u00f1a. Dicha documentaci\\u00f3n y control se realizar\\u00e1 en la taquilla espec\\u00edfica de \\u201cMenores de Edad\\u201d.<\\\/p>\\n<\\\/div>\\n<\\\/div>\",\"margin\":\"default\"}}]}]},{\"type\":\"row\",\"children\":[{\"type\":\"column\",\"props\":{\"image_position\":\"center-center\",\"position_sticky_breakpoint\":\"m\",\"width_medium\":\"1-1\"},\"children\":[{\"type\":\"button\",\"props\":{\"grid_column_gap\":\"small\",\"grid_row_gap\":\"small\",\"margin\":\"default\",\"text_align\":\"center\"},\"children\":[{\"type\":\"button_item\",\"props\":{\"button_style\":\"secondary\",\"content\":\"AUTORIZACI\\u00d3N Y FORMULARIO ACCESO MENORES\",\"dialog_layout\":\"modal\",\"dialog_offcanvas_flip\":true,\"icon\":\"download\",\"icon_align\":\"left\",\"link\":\"wp-content\\\/uploads\\\/sites\\\/16\\\/2025\\\/10\\\/AUT-MENORES-PL-ALMERIA-2026.pdf\",\"link_target\":\"blank\"}}]}]}]}]}],\"version\":\"4.5.31\"} --><\/p>\n","protected":false},"excerpt":{"rendered":"<p>AUTORIZACI\u00d3N MENORES MENORES DE 16 A\u00d1OS DE EDAD Todo menor de 16 a\u00f1os de edad que vaya a acceder al recinto deber\u00e1 de ir acompa\u00f1ado de un progenitor o tutor\/a, portando igualmente fotocopia y original del DNI del progenitor o tutor\/a, fotocopia y original del DNI del menor, as\u00ed como el formulario de autorizaci\u00f3n y [&hellip;]<\/p>\n","protected":false},"author":3,"featured_media":0,"parent":0,"menu_order":0,"comment_status":"closed","ping_status":"closed","template":"","meta":{"footnotes":""},"class_list":["post-70","page","type-page","status-publish","hentry"],"yoast_head":"<!-- This site is optimized with the Yoast SEO plugin v27.4 - https:\/\/yoast.com\/product\/yoast-seo-wordpress\/ -->\n<title>MENORES - Puro Latino Almeria<\/title>\n<meta name=\"robots\" content=\"index, follow, max-snippet:-1, max-image-preview:large, max-video-preview:-1\" \/>\n<link rel=\"canonical\" href=\"https:\/\/purolatino.es\/almeria\/menores\/\" \/>\n<meta property=\"og:locale\" content=\"es_ES\" \/>\n<meta property=\"og:type\" content=\"article\" \/>\n<meta property=\"og:title\" content=\"MENORES - Puro Latino Almeria\" \/>\n<meta property=\"og:description\" content=\"AUTORIZACI\u00d3N MENORES MENORES DE 16 A\u00d1OS DE EDAD Todo menor de 16 a\u00f1os de edad que vaya a acceder al recinto deber\u00e1 de ir acompa\u00f1ado de un progenitor o tutor\/a, portando igualmente fotocopia y original del DNI del progenitor o tutor\/a, fotocopia y original del DNI del menor, as\u00ed como el formulario de autorizaci\u00f3n y [&hellip;]\" \/>\n<meta property=\"og:url\" content=\"https:\/\/purolatino.es\/almeria\/menores\/\" \/>\n<meta property=\"og:site_name\" content=\"Puro Latino Almeria\" \/>\n<meta property=\"article:modified_time\" content=\"2025-10-23T17:42:56+00:00\" \/>\n<meta name=\"twitter:card\" content=\"summary_large_image\" \/>\n<script type=\"application\/ld+json\" class=\"yoast-schema-graph\">{\"@context\":\"https:\\\/\\\/schema.org\",\"@graph\":[{\"@type\":\"WebPage\",\"@id\":\"https:\\\/\\\/purolatino.es\\\/almeria\\\/menores\\\/\",\"url\":\"https:\\\/\\\/purolatino.es\\\/almeria\\\/menores\\\/\",\"name\":\"MENORES - Puro Latino Almeria\",\"isPartOf\":{\"@id\":\"https:\\\/\\\/purolatino.es\\\/almeria\\\/#website\"},\"datePublished\":\"2024-01-23T11:36:47+00:00\",\"dateModified\":\"2025-10-23T17:42:56+00:00\",\"breadcrumb\":{\"@id\":\"https:\\\/\\\/purolatino.es\\\/almeria\\\/menores\\\/#breadcrumb\"},\"inLanguage\":\"es\",\"potentialAction\":[{\"@type\":\"ReadAction\",\"target\":[\"https:\\\/\\\/purolatino.es\\\/almeria\\\/menores\\\/\"]}]},{\"@type\":\"BreadcrumbList\",\"@id\":\"https:\\\/\\\/purolatino.es\\\/almeria\\\/menores\\\/#breadcrumb\",\"itemListElement\":[{\"@type\":\"ListItem\",\"position\":1,\"name\":\"Portada\",\"item\":\"https:\\\/\\\/purolatino.es\\\/almeria\\\/\"},{\"@type\":\"ListItem\",\"position\":2,\"name\":\"MENORES\"}]},{\"@type\":\"WebSite\",\"@id\":\"https:\\\/\\\/purolatino.es\\\/almeria\\\/#website\",\"url\":\"https:\\\/\\\/purolatino.es\\\/almeria\\\/\",\"name\":\"Puro Latino Almeria\",\"description\":\"El mayor festival de reggaeton de Espa\u00f1a en Almer\u00eda\",\"potentialAction\":[{\"@type\":\"SearchAction\",\"target\":{\"@type\":\"EntryPoint\",\"urlTemplate\":\"https:\\\/\\\/purolatino.es\\\/almeria\\\/?s={search_term_string}\"},\"query-input\":{\"@type\":\"PropertyValueSpecification\",\"valueRequired\":true,\"valueName\":\"search_term_string\"}}],\"inLanguage\":\"es\"}]}<\/script>\n<!-- \/ Yoast SEO plugin. -->","yoast_head_json":{"title":"MENORES - Puro Latino Almeria","robots":{"index":"index","follow":"follow","max-snippet":"max-snippet:-1","max-image-preview":"max-image-preview:large","max-video-preview":"max-video-preview:-1"},"canonical":"https:\/\/purolatino.es\/almeria\/menores\/","og_locale":"es_ES","og_type":"article","og_title":"MENORES - Puro Latino Almeria","og_description":"AUTORIZACI\u00d3N MENORES MENORES DE 16 A\u00d1OS DE EDAD Todo menor de 16 a\u00f1os de edad que vaya a acceder al recinto deber\u00e1 de ir acompa\u00f1ado de un progenitor o tutor\/a, portando igualmente fotocopia y original del DNI del progenitor o tutor\/a, fotocopia y original del DNI del menor, as\u00ed como el formulario de autorizaci\u00f3n y [&hellip;]","og_url":"https:\/\/purolatino.es\/almeria\/menores\/","og_site_name":"Puro Latino Almeria","article_modified_time":"2025-10-23T17:42:56+00:00","twitter_card":"summary_large_image","schema":{"@context":"https:\/\/schema.org","@graph":[{"@type":"WebPage","@id":"https:\/\/purolatino.es\/almeria\/menores\/","url":"https:\/\/purolatino.es\/almeria\/menores\/","name":"MENORES - Puro Latino Almeria","isPartOf":{"@id":"https:\/\/purolatino.es\/almeria\/#website"},"datePublished":"2024-01-23T11:36:47+00:00","dateModified":"2025-10-23T17:42:56+00:00","breadcrumb":{"@id":"https:\/\/purolatino.es\/almeria\/menores\/#breadcrumb"},"inLanguage":"es","potentialAction":[{"@type":"ReadAction","target":["https:\/\/purolatino.es\/almeria\/menores\/"]}]},{"@type":"BreadcrumbList","@id":"https:\/\/purolatino.es\/almeria\/menores\/#breadcrumb","itemListElement":[{"@type":"ListItem","position":1,"name":"Portada","item":"https:\/\/purolatino.es\/almeria\/"},{"@type":"ListItem","position":2,"name":"MENORES"}]},{"@type":"WebSite","@id":"https:\/\/purolatino.es\/almeria\/#website","url":"https:\/\/purolatino.es\/almeria\/","name":"Puro Latino Almeria","description":"El mayor festival de reggaeton de Espa\u00f1a en Almer\u00eda","potentialAction":[{"@type":"SearchAction","target":{"@type":"EntryPoint","urlTemplate":"https:\/\/purolatino.es\/almeria\/?s={search_term_string}"},"query-input":{"@type":"PropertyValueSpecification","valueRequired":true,"valueName":"search_term_string"}}],"inLanguage":"es"}]}},"jetpack_sharing_enabled":true,"_links":{"self":[{"href":"https:\/\/purolatino.es\/almeria\/wp-json\/wp\/v2\/pages\/70","targetHints":{"allow":["GET"]}}],"collection":[{"href":"https:\/\/purolatino.es\/almeria\/wp-json\/wp\/v2\/pages"}],"about":[{"href":"https:\/\/purolatino.es\/almeria\/wp-json\/wp\/v2\/types\/page"}],"author":[{"embeddable":true,"href":"https:\/\/purolatino.es\/almeria\/wp-json\/wp\/v2\/users\/3"}],"replies":[{"embeddable":true,"href":"https:\/\/purolatino.es\/almeria\/wp-json\/wp\/v2\/comments?post=70"}],"version-history":[{"count":6,"href":"https:\/\/purolatino.es\/almeria\/wp-json\/wp\/v2\/pages\/70\/revisions"}],"predecessor-version":[{"id":909,"href":"https:\/\/purolatino.es\/almeria\/wp-json\/wp\/v2\/pages\/70\/revisions\/909"}],"wp:attachment":[{"href":"https:\/\/purolatino.es\/almeria\/wp-json\/wp\/v2\/media?parent=70"}],"curies":[{"name":"wp","href":"https:\/\/api.w.org\/{rel}","templated":true}]}}