{"id":2485,"date":"2024-10-11T09:17:49","date_gmt":"2024-10-11T09:17:49","guid":{"rendered":"https:\/\/purolatino.es\/cadiz\/?page_id=2485"},"modified":"2025-10-23T14:39:51","modified_gmt":"2025-10-23T14:39:51","slug":"que-es","status":"publish","type":"page","link":"https:\/\/purolatino.es\/cadiz\/que-es\/","title":{"rendered":"\u00bfQU\u00c9 ES?"},"content":{"rendered":"<h1>\n<p>\u00bfQu\u00e9 es The Music Club?<\/p>\n<\/h1>\n<div>\n<p><strong>Con la compra de tu entrada pasar\u00e1s directamente a formar parte del Club y tendr\u00e1s acceso a todos nuestros servicios.<\/strong><\/p>\n<\/div>\n<div>\n<div>\n<h5>The Music Club es un programa que te dar\u00e1 acceso a distintos servicios y beneficios a lo largo de todo un a\u00f1o. Hemos reunido una serie de ventajas para cuidar de ti dentro y fuera del festival. En The Music Club nos preocupamos tanto de tu diversi\u00f3n como de tu bienestar&#8230; \u00a1Descubre nuestros servicios!<\/h5>\n<\/div>\n<\/div>\n<p><p>\n        <a href=\"http:\/\/www.themusicclub.es\">ACCEDE<\/a>\n    <\/p>\n<\/p>\n<p><img decoding=\"async\" src=\"\/cadiz\/wp-content\/uploads\/sites\/10\/2024\/10\/TMCocio.png\" alt=\"\"><\/p>\n<div>\n<h3>Ocio<\/h3>\n<\/div>\n<div>\n<p style=\"font-weight: 400;\">Disfruta de descuentos en diferentes establecimientos y locales de ocio pensados solo para ti.<\/p>\n<\/div>\n<p><img decoding=\"async\" src=\"\/cadiz\/wp-content\/uploads\/sites\/10\/2024\/10\/TMCdental.png\" alt=\"\"><\/p>\n<div>\n<h3>Dental<\/h3>\n<\/div>\n<div>\n<p style=\"font-weight: 400;\">Cuida de tu sonrisa en nuestros m\u00e1s de 1.800 centros a nivel nacional.<\/p>\n<\/div>\n<p><img decoding=\"async\" src=\"\/cadiz\/wp-content\/uploads\/sites\/10\/2024\/10\/TMCsalud.png\" alt=\"\"><\/p>\n<div>\n<h3 style=\"font-weight: 400;\"><strong>Salud<\/strong><\/h3>\n<\/div>\n<div>\n<p style=\"font-weight: 400;\">Habla con un m\u00e9dico cuando lo necesites, con orientaci\u00f3n telef\u00f3nica 24\/7 y videoconsultas gratuitas. Visitas y consultas entre 25\/35\u20ac.<\/p>\n<\/div>\n<p><img decoding=\"async\" src=\"\/cadiz\/wp-content\/uploads\/sites\/10\/2024\/10\/TMCmascotas.png\" alt=\"\"><\/p>\n<div>\n<h3 style=\"font-weight: 400;\"><strong>Mascotas<\/strong><\/h3>\n<\/div>\n<div>\n<p style=\"font-weight: 400;\">Servicios veterinarios exclusivos para cuidar de nuestros grandes compa\u00f1eros.<\/p>\n<\/div>\n<p><img decoding=\"async\" src=\"\/cadiz\/wp-content\/uploads\/sites\/10\/2024\/10\/TMClegal.png\" alt=\"\"><\/p>\n<div>\n<h3 style=\"font-weight: 400;\"><strong>Legal<\/strong><\/h3>\n<\/div>\n<div>\n<p style=\"font-weight: 400;\">Un abogado al otro lado del tel\u00e9fono, con consultas legales gratuitas cuando las necesites.<\/p>\n<\/div>\n<div>\n<div>\n<h5>Con la compra de tu entrada obtendr\u00e1s acceso gratuito al club durante todo un a\u00f1o <a href=\"http:\/\/www.themusicclub.es\" target=\"_blank\" rel=\"noopener\">+INFO<\/a><\/h5>\n<\/div>\n<\/div>\n<p><p>\n        <a href=\"\/cadiz\/preguntas-frecuentes\/\">PREGUNTAS FRECUENTES<\/a>\n    <\/p>\n<\/p>\n<p><!--more--><br \/>\n<!-- {\"type\":\"layout\",\"children\":[{\"type\":\"section\",\"props\":{\"image_effect\":\"fixed\",\"image_position\":\"center-center\",\"image_size\":\"cover\",\"padding\":\"small\",\"padding_remove_bottom\":false,\"style\":\"default\",\"title_breakpoint\":\"xl\",\"title_position\":\"top-left\",\"title_rotation\":\"left\",\"vertical_align\":\"middle\",\"width\":\"small\"},\"children\":[{\"type\":\"row\",\"children\":[{\"type\":\"column\",\"props\":{\"image_position\":\"center-center\",\"position_sticky_breakpoint\":\"m\"},\"children\":[{\"type\":\"headline\",\"props\":{\"content\":\"\n\n<p>\\u00bfQu\\u00e9 es The Music Club?<\\\/p>\",\"title_element\":\"h1\"}},{\"type\":\"text\",\"props\":{\"column_breakpoint\":\"m\",\"content\":\"\n\n<p><strong>Con la compra de tu entrada pasar\\u00e1s directamente a formar parte del Club y tendr\\u00e1s acceso a todos nuestros servicios.<\\\/strong><\\\/p>\",\"margin\":\"default\"}},{\"type\":\"alert\",\"props\":{\"alert_size\":false,\"alert_style\":\"primary\",\"blend\":false,\"content\":\"\n\n<h5>The Music Club es un programa que te dar\\u00e1 acceso a distintos servicios y beneficios a lo largo de todo un a\\u00f1o. Hemos reunido una serie de ventajas para cuidar de ti dentro y fuera del festival. En The Music Club nos preocupamos tanto de tu diversi\\u00f3n como de tu bienestar... \\u00a1Descubre nuestros servicios!<\\\/h5>\",\"content_margin\":\"small\",\"margin\":\"small\",\"title_element\":\"h3\"}},{\"type\":\"button\",\"props\":{\"button_size\":\"large\",\"grid_column_gap\":\"small\",\"grid_row_gap\":\"small\",\"margin\":\"default\",\"text_align\":\"center\"},\"children\":[{\"type\":\"button_item\",\"props\":{\"button_style\":\"danger\",\"content\":\"ACCEDE\",\"dialog_layout\":\"modal\",\"dialog_offcanvas_flip\":true,\"icon_align\":\"left\",\"link\":\"http:\\\/\\\/www.themusicclub.es\",\"link_target\":\"blank\"}}]}]}]}]},{\"type\":\"section\",\"props\":{\"image_position\":\"center-center\",\"overlap\":false,\"preserve_color\":false,\"style\":\"secondary\",\"title_breakpoint\":\"xl\",\"title_position\":\"top-left\",\"title_rotation\":\"left\",\"vertical_align\":\"middle\",\"width\":\"small\"},\"children\":[{\"type\":\"row\",\"props\":{\"layout\":\"1-5,1-5,1-5,1-5,1-5|1-2,1-2,1-3,1-3,1-3\"},\"children\":[{\"type\":\"column\",\"props\":{\"image_position\":\"center-center\",\"position_sticky_breakpoint\":\"m\",\"width_medium\":\"1-5\",\"width_small\":\"1-2\"},\"children\":[{\"type\":\"image\",\"props\":{\"image\":\"wp-content\\\/uploads\\\/sites\\\/10\\\/2024\\\/10\\\/TMCocio.png\",\"image_svg_color\":\"emphasis\",\"image_width\":120,\"margin\":\"default\",\"text_align\":\"center\"}},{\"type\":\"text\",\"props\":{\"column_breakpoint\":\"m\",\"content\":\"\n\n<h3>Ocio<\\\/h3>\",\"margin\":\"small\",\"margin_remove_bottom\":true,\"text_align\":\"center\"}},{\"type\":\"text\",\"props\":{\"column_breakpoint\":\"m\",\"content\":\"\n\n<p style=\\\"font-weight: 400;\\\">Disfruta de descuentos en diferentes establecimientos y locales de ocio pensados solo para ti.<\\\/p>\",\"margin\":\"default\",\"text_align\":\"center\"}}]},{\"type\":\"column\",\"props\":{\"image_position\":\"center-center\",\"position_sticky_breakpoint\":\"m\",\"width_medium\":\"1-5\",\"width_small\":\"1-2\"},\"children\":[{\"type\":\"image\",\"props\":{\"image\":\"wp-content\\\/uploads\\\/sites\\\/10\\\/2024\\\/10\\\/TMCdental.png\",\"image_svg_color\":\"emphasis\",\"image_width\":120,\"margin\":\"default\",\"text_align\":\"center\"}},{\"type\":\"text\",\"props\":{\"column_breakpoint\":\"m\",\"content\":\"\n\n<h3>Dental<\\\/h3>\",\"margin\":\"small\",\"margin_remove_bottom\":true,\"text_align\":\"center\"}},{\"type\":\"text\",\"props\":{\"column_breakpoint\":\"m\",\"content\":\"\n\n<p style=\\\"font-weight: 400;\\\">Cuida de tu sonrisa en nuestros m\\u00e1s de 1.800 centros a nivel nacional.<\\\/p>\",\"margin\":\"default\",\"text_align\":\"center\"}}]},{\"type\":\"column\",\"props\":{\"image_position\":\"center-center\",\"position_sticky_breakpoint\":\"m\",\"width_medium\":\"1-5\",\"width_small\":\"1-3\"},\"children\":[{\"type\":\"image\",\"props\":{\"image\":\"wp-content\\\/uploads\\\/sites\\\/10\\\/2024\\\/10\\\/TMCsalud.png\",\"image_svg_color\":\"emphasis\",\"image_width\":120,\"margin\":\"default\",\"text_align\":\"center\"}},{\"type\":\"text\",\"props\":{\"column_breakpoint\":\"m\",\"content\":\"\n\n<h3 style=\\\"font-weight: 400;\\\"><strong>Salud<\\\/strong><\\\/h3>\",\"margin\":\"small\",\"margin_remove_bottom\":true,\"text_align\":\"center\"}},{\"type\":\"text\",\"props\":{\"column_breakpoint\":\"m\",\"content\":\"\n\n<p style=\\\"font-weight: 400;\\\">Habla con un m\\u00e9dico cuando lo necesites, con orientaci\\u00f3n telef\\u00f3nica 24\\\/7 y videoconsultas gratuitas. Visitas y consultas entre 25\\\/35\\u20ac.<\\\/p>\",\"margin\":\"default\",\"text_align\":\"center\"}}]},{\"type\":\"column\",\"props\":{\"image_position\":\"center-center\",\"position_sticky_breakpoint\":\"m\",\"width_medium\":\"1-5\",\"width_small\":\"1-3\"},\"children\":[{\"type\":\"image\",\"props\":{\"image\":\"wp-content\\\/uploads\\\/sites\\\/10\\\/2024\\\/10\\\/TMCmascotas.png\",\"image_svg_color\":\"emphasis\",\"image_width\":120,\"margin\":\"default\",\"text_align\":\"center\"}},{\"type\":\"text\",\"props\":{\"column_breakpoint\":\"m\",\"content\":\"\n\n<h3 style=\\\"font-weight: 400;\\\"><strong>Mascotas<\\\/strong><\\\/h3>\",\"margin\":\"small\",\"margin_remove_bottom\":true,\"text_align\":\"center\"}},{\"type\":\"text\",\"props\":{\"column_breakpoint\":\"m\",\"content\":\"\n\n<p style=\\\"font-weight: 400;\\\">Servicios veterinarios exclusivos para cuidar de nuestros grandes compa\\u00f1eros.<\\\/p>\",\"margin\":\"default\",\"text_align\":\"center\"}}]},{\"type\":\"column\",\"props\":{\"image_position\":\"center-center\",\"position_sticky_breakpoint\":\"m\",\"width_medium\":\"1-5\",\"width_small\":\"1-3\"},\"children\":[{\"type\":\"image\",\"props\":{\"image\":\"wp-content\\\/uploads\\\/sites\\\/10\\\/2024\\\/10\\\/TMClegal.png\",\"image_svg_color\":\"emphasis\",\"image_width\":120,\"margin\":\"default\",\"text_align\":\"center\"}},{\"type\":\"text\",\"props\":{\"column_breakpoint\":\"m\",\"content\":\"\n\n<h3 style=\\\"font-weight: 400;\\\"><strong>Legal<\\\/strong><\\\/h3>\",\"margin\":\"small\",\"margin_remove_bottom\":true,\"text_align\":\"center\"}},{\"type\":\"text\",\"props\":{\"column_breakpoint\":\"m\",\"content\":\"\n\n<p style=\\\"font-weight: 400;\\\">Un abogado al otro lado del tel\\u00e9fono, con consultas legales gratuitas cuando las necesites.<\\\/p>\",\"margin\":\"default\",\"text_align\":\"center\"}}]}]}]},{\"type\":\"section\",\"props\":{\"image_effect\":\"fixed\",\"image_position\":\"center-center\",\"image_size\":\"cover\",\"overlap\":false,\"padding_remove_horizontal\":true,\"padding_remove_top\":false,\"preserve_color\":false,\"style\":\"default\",\"title_breakpoint\":\"xl\",\"title_position\":\"top-left\",\"title_rotation\":\"left\",\"vertical_align\":\"middle\",\"width\":\"small\"},\"children\":[{\"type\":\"row\",\"children\":[{\"type\":\"column\",\"props\":{\"image_position\":\"center-center\",\"position_sticky_breakpoint\":\"m\"},\"children\":[{\"type\":\"alert\",\"props\":{\"alert_size\":false,\"alert_style\":\"primary\",\"blend\":false,\"content\":\"\n\n<h5>Con la compra de tu entrada obtendr\\u00e1s acceso gratuito al club durante todo un a\\u00f1o <a href=\\\"http:\\\/\\\/www.themusicclub.es\\\" target=\\\"_blank\\\" rel=\\\"noopener\\\">+INFO<\\\/a><\\\/h5>\",\"content_margin\":\"small\",\"margin\":\"small\",\"text_align\":\"center\",\"title_element\":\"h3\"}},{\"type\":\"button\",\"props\":{\"grid_column_gap\":\"small\",\"grid_row_gap\":\"small\",\"margin\":\"default\",\"text_align\":\"center\"},\"children\":[{\"type\":\"button_item\",\"props\":{\"button_style\":\"danger\",\"content\":\"PREGUNTAS FRECUENTES\",\"dialog_layout\":\"modal\",\"dialog_offcanvas_flip\":true,\"icon_align\":\"left\",\"link\":\"preguntas-frecuentes\\\/\"}}]}]}]}]}],\"version\":\"4.5.31\"} --><\/p>\n","protected":false},"excerpt":{"rendered":"<p>\u00bfQu\u00e9 es The Music Club? Con la compra de tu entrada pasar\u00e1s directamente a formar parte del Club y tendr\u00e1s acceso a todos nuestros servicios. The Music Club es un programa que te dar\u00e1 acceso a distintos servicios y beneficios a lo largo de todo un a\u00f1o. Hemos reunido una serie de ventajas para cuidar [&hellip;]<\/p>\n","protected":false},"author":3,"featured_media":0,"parent":0,"menu_order":0,"comment_status":"closed","ping_status":"closed","template":"","meta":{"footnotes":""},"class_list":["post-2485","page","type-page","status-publish","hentry"],"yoast_head":"<!-- This site is optimized with the Yoast SEO plugin v27.4 - https:\/\/yoast.com\/product\/yoast-seo-wordpress\/ -->\n<title>\u00bfQU\u00c9 ES? - Cadiz<\/title>\n<meta name=\"robots\" content=\"index, follow, max-snippet:-1, max-image-preview:large, max-video-preview:-1\" \/>\n<link rel=\"canonical\" href=\"https:\/\/purolatino.es\/cadiz\/que-es\/\" \/>\n<meta property=\"og:locale\" content=\"es_ES\" \/>\n<meta property=\"og:type\" content=\"article\" \/>\n<meta property=\"og:title\" content=\"\u00bfQU\u00c9 ES? - Cadiz\" \/>\n<meta property=\"og:description\" content=\"\u00bfQu\u00e9 es The Music Club? Con la compra de tu entrada pasar\u00e1s directamente a formar parte del Club y tendr\u00e1s acceso a todos nuestros servicios. The Music Club es un programa que te dar\u00e1 acceso a distintos servicios y beneficios a lo largo de todo un a\u00f1o. Hemos reunido una serie de ventajas para cuidar [&hellip;]\" \/>\n<meta property=\"og:url\" content=\"https:\/\/purolatino.es\/cadiz\/que-es\/\" \/>\n<meta property=\"og:site_name\" content=\"Cadiz\" \/>\n<meta property=\"article:modified_time\" content=\"2025-10-23T14:39:51+00:00\" \/>\n<meta name=\"twitter:card\" content=\"summary_large_image\" \/>\n<script type=\"application\/ld+json\" class=\"yoast-schema-graph\">{\"@context\":\"https:\\\/\\\/schema.org\",\"@graph\":[{\"@type\":\"WebPage\",\"@id\":\"https:\\\/\\\/purolatino.es\\\/cadiz\\\/que-es\\\/\",\"url\":\"https:\\\/\\\/purolatino.es\\\/cadiz\\\/que-es\\\/\",\"name\":\"\u00bfQU\u00c9 ES? - Cadiz\",\"isPartOf\":{\"@id\":\"https:\\\/\\\/purolatino.es\\\/cadiz\\\/#website\"},\"datePublished\":\"2024-10-11T09:17:49+00:00\",\"dateModified\":\"2025-10-23T14:39:51+00:00\",\"breadcrumb\":{\"@id\":\"https:\\\/\\\/purolatino.es\\\/cadiz\\\/que-es\\\/#breadcrumb\"},\"inLanguage\":\"es\",\"potentialAction\":[{\"@type\":\"ReadAction\",\"target\":[\"https:\\\/\\\/purolatino.es\\\/cadiz\\\/que-es\\\/\"]}]},{\"@type\":\"BreadcrumbList\",\"@id\":\"https:\\\/\\\/purolatino.es\\\/cadiz\\\/que-es\\\/#breadcrumb\",\"itemListElement\":[{\"@type\":\"ListItem\",\"position\":1,\"name\":\"Portada\",\"item\":\"https:\\\/\\\/purolatino.es\\\/cadiz\\\/\"},{\"@type\":\"ListItem\",\"position\":2,\"name\":\"\u00bfQU\u00c9 ES?\"}]},{\"@type\":\"WebSite\",\"@id\":\"https:\\\/\\\/purolatino.es\\\/cadiz\\\/#website\",\"url\":\"https:\\\/\\\/purolatino.es\\\/cadiz\\\/\",\"name\":\"Cadiz\",\"description\":\"El mayor festival de reggaeton de Espa\u00f1a en el Puerto de Santa Mar\u00eda\",\"potentialAction\":[{\"@type\":\"SearchAction\",\"target\":{\"@type\":\"EntryPoint\",\"urlTemplate\":\"https:\\\/\\\/purolatino.es\\\/cadiz\\\/?s={search_term_string}\"},\"query-input\":{\"@type\":\"PropertyValueSpecification\",\"valueRequired\":true,\"valueName\":\"search_term_string\"}}],\"inLanguage\":\"es\"}]}<\/script>\n<!-- \/ Yoast SEO plugin. -->","yoast_head_json":{"title":"\u00bfQU\u00c9 ES? - Cadiz","robots":{"index":"index","follow":"follow","max-snippet":"max-snippet:-1","max-image-preview":"max-image-preview:large","max-video-preview":"max-video-preview:-1"},"canonical":"https:\/\/purolatino.es\/cadiz\/que-es\/","og_locale":"es_ES","og_type":"article","og_title":"\u00bfQU\u00c9 ES? - Cadiz","og_description":"\u00bfQu\u00e9 es The Music Club? Con la compra de tu entrada pasar\u00e1s directamente a formar parte del Club y tendr\u00e1s acceso a todos nuestros servicios. The Music Club es un programa que te dar\u00e1 acceso a distintos servicios y beneficios a lo largo de todo un a\u00f1o. Hemos reunido una serie de ventajas para cuidar [&hellip;]","og_url":"https:\/\/purolatino.es\/cadiz\/que-es\/","og_site_name":"Cadiz","article_modified_time":"2025-10-23T14:39:51+00:00","twitter_card":"summary_large_image","schema":{"@context":"https:\/\/schema.org","@graph":[{"@type":"WebPage","@id":"https:\/\/purolatino.es\/cadiz\/que-es\/","url":"https:\/\/purolatino.es\/cadiz\/que-es\/","name":"\u00bfQU\u00c9 ES? - Cadiz","isPartOf":{"@id":"https:\/\/purolatino.es\/cadiz\/#website"},"datePublished":"2024-10-11T09:17:49+00:00","dateModified":"2025-10-23T14:39:51+00:00","breadcrumb":{"@id":"https:\/\/purolatino.es\/cadiz\/que-es\/#breadcrumb"},"inLanguage":"es","potentialAction":[{"@type":"ReadAction","target":["https:\/\/purolatino.es\/cadiz\/que-es\/"]}]},{"@type":"BreadcrumbList","@id":"https:\/\/purolatino.es\/cadiz\/que-es\/#breadcrumb","itemListElement":[{"@type":"ListItem","position":1,"name":"Portada","item":"https:\/\/purolatino.es\/cadiz\/"},{"@type":"ListItem","position":2,"name":"\u00bfQU\u00c9 ES?"}]},{"@type":"WebSite","@id":"https:\/\/purolatino.es\/cadiz\/#website","url":"https:\/\/purolatino.es\/cadiz\/","name":"Cadiz","description":"El mayor festival de reggaeton de Espa\u00f1a en el Puerto de Santa Mar\u00eda","potentialAction":[{"@type":"SearchAction","target":{"@type":"EntryPoint","urlTemplate":"https:\/\/purolatino.es\/cadiz\/?s={search_term_string}"},"query-input":{"@type":"PropertyValueSpecification","valueRequired":true,"valueName":"search_term_string"}}],"inLanguage":"es"}]}},"jetpack_sharing_enabled":true,"_links":{"self":[{"href":"https:\/\/purolatino.es\/cadiz\/wp-json\/wp\/v2\/pages\/2485","targetHints":{"allow":["GET"]}}],"collection":[{"href":"https:\/\/purolatino.es\/cadiz\/wp-json\/wp\/v2\/pages"}],"about":[{"href":"https:\/\/purolatino.es\/cadiz\/wp-json\/wp\/v2\/types\/page"}],"author":[{"embeddable":true,"href":"https:\/\/purolatino.es\/cadiz\/wp-json\/wp\/v2\/users\/3"}],"replies":[{"embeddable":true,"href":"https:\/\/purolatino.es\/cadiz\/wp-json\/wp\/v2\/comments?post=2485"}],"version-history":[{"count":10,"href":"https:\/\/purolatino.es\/cadiz\/wp-json\/wp\/v2\/pages\/2485\/revisions"}],"predecessor-version":[{"id":2762,"href":"https:\/\/purolatino.es\/cadiz\/wp-json\/wp\/v2\/pages\/2485\/revisions\/2762"}],"wp:attachment":[{"href":"https:\/\/purolatino.es\/cadiz\/wp-json\/wp\/v2\/media?parent=2485"}],"curies":[{"name":"wp","href":"https:\/\/api.w.org\/{rel}","templated":true}]}}