{"id":2885,"date":"2026-03-12T11:31:50","date_gmt":"2026-03-12T11:31:50","guid":{"rendered":"https:\/\/purolatino.es\/cadiz\/?page_id=2885"},"modified":"2026-03-24T19:10:21","modified_gmt":"2026-03-24T19:10:21","slug":"entradasdedia","status":"publish","type":"page","link":"https:\/\/purolatino.es\/cadiz\/entradasdedia\/","title":{"rendered":"ENTRADAS DE D\u00cdA"},"content":{"rendered":"<div>\n<p>    <a href=\"javascript:history.back()\" class=\"btn-volver\"><br \/>\n  <span class=\"flecha\">\u2190<\/span> Volver<br \/>\n<\/a><\/p>\n<style>\n.btn-volver {\n  display: inline-flex;\n  align-items: center;\n  gap: 8px;\n  background-color: #000000;\n  color: #ffffff;\n  padding: 12px 22px;\n  font-size: 16px;\n  font-weight: bold;\n  text-decoration: none;\n  border-radius: 6px;\n  transition: background-color 0.3s ease, transform 0.2s ease;\n  cursor: pointer;\n}<\/p>\n<p>.btn-volver:hover {\n  background-color: #d7d7d7;\n  transform: translateY(-1px);\n}<\/p>\n<p>.flecha {\n  font-size: 18px;\n  line-height: 1;\n}\n<\/style>\n<\/div>\n<h1>ENTRADAS DE D\u00cdA<\/h1>\n<div>\n<p>+ Para cualquier incidencia o error en el proceso de compra puedes contactar con atenci\u00f3n al cliente del servicio de venta de entradas desde este correo: \u00a0<a href=\"mailto:info@ayudaeventos.com\" target=\"_blank\" rel=\"noopener\">info@ayudaeventos.com <\/a>o en el tel\u00e9fono 910053595<\/p>\n<p>+ Para descargar la autorizaci\u00f3n de menores:\u00a0<a href=\"https:\/\/purolatino.es\/cadiz\/autorizacion-menores\/\">autorizacion menores<\/a><\/p>\n<\/div>\n<hr>\n<div>\n<div id=\"evezing-shop-puro-latino-fest-el-puerto-de-santa-maria-2026\" style=\"padding-bottom: 15px;\">\n<p class=\"evezing-shop-checking\" style=\"padding: 15px; font-size: 16px; text-align: center; color: rgb(102, 102, 102);\">Comprobando disponibilidad de entradas&#8230;<\/p>\n<\/div>\n<p><script src=\"https:\/\/purolatino2.evezing.com\/iframe-shop\/event\/puro-latino-fest-el-puerto-de-santa-maria-2026\" id=\"evezing-script-puro-latino-fest-el-puerto-de-santa-maria-2026\" type=\"text\/javascript\"><\/script>\n<\/div>\n<div>\n<p><span><img decoding=\"async\" src=\"https:\/\/purolatino.es\/torremolinos\/wp-content\/uploads\/sites\/13\/2023\/03\/pmr.svg\" alt=\"\" class=\"size-full wp-image-1113 alignleft\" \/><\/span><\/p>\n<p><span>Las entradas de Movilidad Reducida son \u00fanicamente para personas en Silla de Ruedas. M\u00e1ximo 1 acompa\u00f1ante por silla de ruedas.\u00a0 Para adquirir tu entrada PMR Y ACOMPA\u00d1ANTE contacta con <\/span><a class=\"moz-txt-link-abbreviated\" title=\"mailto:info@ayudaeventos.com\" contenteditable=\"false\" href=\"mailto:info@ayudaeventos.com\">info@ayudaeventos.com<\/a><\/p>\n<\/p>\n<\/div>\n<p><!--more--><br \/>\n<!-- {\"type\":\"layout\",\"children\":[{\"type\":\"section\",\"props\":{\"image_position\":\"center-center\",\"style\":\"default\",\"title_breakpoint\":\"xl\",\"title_position\":\"top-left\",\"title_rotation\":\"left\",\"vertical_align\":\"\",\"width\":\"default\"},\"children\":[{\"type\":\"row\",\"children\":[{\"type\":\"column\",\"props\":{\"image_position\":\"center-center\",\"position_sticky_breakpoint\":\"m\",\"width_medium\":\"1-1\"},\"children\":[{\"type\":\"html\",\"props\":{\"content\":\"<a href=\\\"javascript:history.back()\\\" class=\\\"btn-volver\\\">\\n  <span class=\\\"flecha\\\">\\u2190<\\\/span> Volver\\n<\\\/a>\\n\\n\n\n<style>\\n.btn-volver {\\n  display: inline-flex;\\n  align-items: center;\\n  gap: 8px;\\n  background-color: #000000;\\n  color: #ffffff;\\n  padding: 12px 22px;\\n  font-size: 16px;\\n  font-weight: bold;\\n  text-decoration: none;\\n  border-radius: 6px;\\n  transition: background-color 0.3s ease, transform 0.2s ease;\\n  cursor: pointer;\\n}\\n\\n.btn-volver:hover {\\n  background-color: #d7d7d7;\\n  transform: translateY(-1px);\\n}\\n\\n.flecha {\\n  font-size: 18px;\\n  line-height: 1;\\n}\\n<\\\/style>\"}},{\"type\":\"headline\",\"props\":{\"content\":\"ENTRADAS DE D\\u00cdA\",\"title_element\":\"h1\"}},{\"type\":\"text\",\"props\":{\"column_breakpoint\":\"m\",\"content\":\"\n\n<p>+ Para cualquier incidencia o error en el proceso de compra puedes contactar con atenci\\u00f3n al cliente del servicio de venta de entradas desde este correo: \\u00a0<a href=\\\"mailto:info@ayudaeventos.com\\\" target=\\\"_blank\\\" rel=\\\"noopener\\\">info@ayudaeventos.com <\\\/a>o en el tel\\u00e9fono 910053595<\\\/p>\\n\n\n<p>+ Para descargar la autorizaci\\u00f3n de menores:\\u00a0<a href=\\\"https:\\\/\\\/purolatino.es\\\/cadiz\\\/autorizacion-menores\\\/\\\">autorizacion menores<\\\/a><\\\/p>\",\"margin\":\"default\"}},{\"type\":\"divider\",\"props\":{\"divider_element\":\"hr\"}},{\"type\":\"html\",\"props\":{\"content\":\"\n\n<div id=\\\"evezing-shop-puro-latino-fest-el-puerto-de-santa-maria-2026\\\" style=\\\"padding-bottom: 15px;\\\">\n\n<p class=\\\"evezing-shop-checking\\\" style=\\\"padding: 15px; font-size: 16px; text-align: center; color: rgb(102, 102, 102);\\\">Comprobando disponibilidad de entradas...<\\\/p><\\\/div><script src=\\\"https:\\\/\\\/purolatino2.evezing.com\\\/iframe-shop\\\/event\\\/puro-latino-fest-el-puerto-de-santa-maria-2026\\\" id=\\\"evezing-script-puro-latino-fest-el-puerto-de-santa-maria-2026\\\" type=\\\"text\\\/javascript\\\"><\\\/script>\"}},{\"type\":\"text\",\"props\":{\"column_breakpoint\":\"m\",\"content\":\"\n\n<p><span><img src=\\\"https:\\\/\\\/purolatino.es\\\/torremolinos\\\/wp-content\\\/uploads\\\/sites\\\/13\\\/2023\\\/03\\\/pmr.svg\\\" alt=\\\"\\\" class=\\\"size-full wp-image-1113 alignleft\\\" \\\/><\\\/span><\\\/p>\\n\n\n<p><span>Las entradas de Movilidad Reducida son \\u00fanicamente para personas en Silla de Ruedas. M\\u00e1ximo 1 acompa\\u00f1ante por silla de ruedas.\\u00a0 Para adquirir tu entrada PMR Y ACOMPA\\u00d1ANTE contacta con <\\\/span><a class=\\\"moz-txt-link-abbreviated\\\" title=\\\"mailto:info@ayudaeventos.com\\\" contenteditable=\\\"false\\\" href=\\\"mailto:info@ayudaeventos.com\\\">info@ayudaeventos.com<\\\/a><\\\/p>\\n\n\n<p><\\\/p>\",\"margin\":\"default\"}}]}]}]}],\"version\":\"4.5.31\"} --><\/p>\n","protected":false},"excerpt":{"rendered":"<p>\u2190 Volver ENTRADAS DE D\u00cdA + Para cualquier incidencia o error en el proceso de compra puedes contactar con atenci\u00f3n al cliente del servicio de venta de entradas desde este correo: \u00a0info@ayudaeventos.com o en el tel\u00e9fono 910053595 + Para descargar la autorizaci\u00f3n de menores:\u00a0autorizacion menores Comprobando disponibilidad de entradas&#8230; Las entradas de Movilidad Reducida son [&hellip;]<\/p>\n","protected":false},"author":3,"featured_media":0,"parent":0,"menu_order":0,"comment_status":"closed","ping_status":"closed","template":"","meta":{"footnotes":""},"class_list":["post-2885","page","type-page","status-publish","hentry"],"yoast_head":"<!-- This site is optimized with the Yoast SEO plugin v27.5 - https:\/\/yoast.com\/product\/yoast-seo-wordpress\/ -->\n<title>ENTRADAS DE D\u00cdA - Cadiz<\/title>\n<meta name=\"robots\" content=\"index, follow, max-snippet:-1, max-image-preview:large, max-video-preview:-1\" \/>\n<link rel=\"canonical\" href=\"https:\/\/purolatino.es\/cadiz\/entradasdedia\/\" \/>\n<meta property=\"og:locale\" content=\"es_ES\" \/>\n<meta property=\"og:type\" content=\"article\" \/>\n<meta property=\"og:title\" content=\"ENTRADAS DE D\u00cdA - Cadiz\" \/>\n<meta property=\"og:description\" content=\"\u2190 Volver ENTRADAS DE D\u00cdA + Para cualquier incidencia o error en el proceso de compra puedes contactar con atenci\u00f3n al cliente del servicio de venta de entradas desde este correo: \u00a0info@ayudaeventos.com o en el tel\u00e9fono 910053595 + Para descargar la autorizaci\u00f3n de menores:\u00a0autorizacion menores Comprobando disponibilidad de entradas&#8230; Las entradas de Movilidad Reducida son [&hellip;]\" \/>\n<meta property=\"og:url\" content=\"https:\/\/purolatino.es\/cadiz\/entradasdedia\/\" \/>\n<meta property=\"og:site_name\" content=\"Cadiz\" \/>\n<meta property=\"article:modified_time\" content=\"2026-03-24T19:10:21+00:00\" \/>\n<meta name=\"twitter:card\" content=\"summary_large_image\" \/>\n<meta name=\"twitter:label1\" content=\"Tiempo de lectura\" \/>\n\t<meta name=\"twitter:data1\" content=\"1 minuto\" \/>\n<script type=\"application\/ld+json\" class=\"yoast-schema-graph\">{\"@context\":\"https:\\\/\\\/schema.org\",\"@graph\":[{\"@type\":\"WebPage\",\"@id\":\"https:\\\/\\\/purolatino.es\\\/cadiz\\\/entradasdedia\\\/\",\"url\":\"https:\\\/\\\/purolatino.es\\\/cadiz\\\/entradasdedia\\\/\",\"name\":\"ENTRADAS DE D\u00cdA - Cadiz\",\"isPartOf\":{\"@id\":\"https:\\\/\\\/purolatino.es\\\/cadiz\\\/#website\"},\"primaryImageOfPage\":{\"@id\":\"https:\\\/\\\/purolatino.es\\\/cadiz\\\/entradasdedia\\\/#primaryimage\"},\"image\":{\"@id\":\"https:\\\/\\\/purolatino.es\\\/cadiz\\\/entradasdedia\\\/#primaryimage\"},\"thumbnailUrl\":\"https:\\\/\\\/purolatino.es\\\/torremolinos\\\/wp-content\\\/uploads\\\/sites\\\/13\\\/2023\\\/03\\\/pmr.svg\",\"datePublished\":\"2026-03-12T11:31:50+00:00\",\"dateModified\":\"2026-03-24T19:10:21+00:00\",\"breadcrumb\":{\"@id\":\"https:\\\/\\\/purolatino.es\\\/cadiz\\\/entradasdedia\\\/#breadcrumb\"},\"inLanguage\":\"es\",\"potentialAction\":[{\"@type\":\"ReadAction\",\"target\":[\"https:\\\/\\\/purolatino.es\\\/cadiz\\\/entradasdedia\\\/\"]}]},{\"@type\":\"ImageObject\",\"inLanguage\":\"es\",\"@id\":\"https:\\\/\\\/purolatino.es\\\/cadiz\\\/entradasdedia\\\/#primaryimage\",\"url\":\"https:\\\/\\\/purolatino.es\\\/torremolinos\\\/wp-content\\\/uploads\\\/sites\\\/13\\\/2023\\\/03\\\/pmr.svg\",\"contentUrl\":\"https:\\\/\\\/purolatino.es\\\/torremolinos\\\/wp-content\\\/uploads\\\/sites\\\/13\\\/2023\\\/03\\\/pmr.svg\"},{\"@type\":\"BreadcrumbList\",\"@id\":\"https:\\\/\\\/purolatino.es\\\/cadiz\\\/entradasdedia\\\/#breadcrumb\",\"itemListElement\":[{\"@type\":\"ListItem\",\"position\":1,\"name\":\"Portada\",\"item\":\"https:\\\/\\\/purolatino.es\\\/cadiz\\\/\"},{\"@type\":\"ListItem\",\"position\":2,\"name\":\"ENTRADAS DE D\u00cdA\"}]},{\"@type\":\"WebSite\",\"@id\":\"https:\\\/\\\/purolatino.es\\\/cadiz\\\/#website\",\"url\":\"https:\\\/\\\/purolatino.es\\\/cadiz\\\/\",\"name\":\"Cadiz\",\"description\":\"El mayor festival de reggaeton de Espa\u00f1a en el Puerto de Santa Mar\u00eda\",\"potentialAction\":[{\"@type\":\"SearchAction\",\"target\":{\"@type\":\"EntryPoint\",\"urlTemplate\":\"https:\\\/\\\/purolatino.es\\\/cadiz\\\/?s={search_term_string}\"},\"query-input\":{\"@type\":\"PropertyValueSpecification\",\"valueRequired\":true,\"valueName\":\"search_term_string\"}}],\"inLanguage\":\"es\"}]}<\/script>\n<!-- \/ Yoast SEO plugin. -->","yoast_head_json":{"title":"ENTRADAS DE D\u00cdA - Cadiz","robots":{"index":"index","follow":"follow","max-snippet":"max-snippet:-1","max-image-preview":"max-image-preview:large","max-video-preview":"max-video-preview:-1"},"canonical":"https:\/\/purolatino.es\/cadiz\/entradasdedia\/","og_locale":"es_ES","og_type":"article","og_title":"ENTRADAS DE D\u00cdA - Cadiz","og_description":"\u2190 Volver ENTRADAS DE D\u00cdA + Para cualquier incidencia o error en el proceso de compra puedes contactar con atenci\u00f3n al cliente del servicio de venta de entradas desde este correo: \u00a0info@ayudaeventos.com o en el tel\u00e9fono 910053595 + Para descargar la autorizaci\u00f3n de menores:\u00a0autorizacion menores Comprobando disponibilidad de entradas&#8230; Las entradas de Movilidad Reducida son [&hellip;]","og_url":"https:\/\/purolatino.es\/cadiz\/entradasdedia\/","og_site_name":"Cadiz","article_modified_time":"2026-03-24T19:10:21+00:00","twitter_card":"summary_large_image","twitter_misc":{"Tiempo de lectura":"1 minuto"},"schema":{"@context":"https:\/\/schema.org","@graph":[{"@type":"WebPage","@id":"https:\/\/purolatino.es\/cadiz\/entradasdedia\/","url":"https:\/\/purolatino.es\/cadiz\/entradasdedia\/","name":"ENTRADAS DE D\u00cdA - Cadiz","isPartOf":{"@id":"https:\/\/purolatino.es\/cadiz\/#website"},"primaryImageOfPage":{"@id":"https:\/\/purolatino.es\/cadiz\/entradasdedia\/#primaryimage"},"image":{"@id":"https:\/\/purolatino.es\/cadiz\/entradasdedia\/#primaryimage"},"thumbnailUrl":"https:\/\/purolatino.es\/torremolinos\/wp-content\/uploads\/sites\/13\/2023\/03\/pmr.svg","datePublished":"2026-03-12T11:31:50+00:00","dateModified":"2026-03-24T19:10:21+00:00","breadcrumb":{"@id":"https:\/\/purolatino.es\/cadiz\/entradasdedia\/#breadcrumb"},"inLanguage":"es","potentialAction":[{"@type":"ReadAction","target":["https:\/\/purolatino.es\/cadiz\/entradasdedia\/"]}]},{"@type":"ImageObject","inLanguage":"es","@id":"https:\/\/purolatino.es\/cadiz\/entradasdedia\/#primaryimage","url":"https:\/\/purolatino.es\/torremolinos\/wp-content\/uploads\/sites\/13\/2023\/03\/pmr.svg","contentUrl":"https:\/\/purolatino.es\/torremolinos\/wp-content\/uploads\/sites\/13\/2023\/03\/pmr.svg"},{"@type":"BreadcrumbList","@id":"https:\/\/purolatino.es\/cadiz\/entradasdedia\/#breadcrumb","itemListElement":[{"@type":"ListItem","position":1,"name":"Portada","item":"https:\/\/purolatino.es\/cadiz\/"},{"@type":"ListItem","position":2,"name":"ENTRADAS DE D\u00cdA"}]},{"@type":"WebSite","@id":"https:\/\/purolatino.es\/cadiz\/#website","url":"https:\/\/purolatino.es\/cadiz\/","name":"Cadiz","description":"El mayor festival de reggaeton de Espa\u00f1a en el Puerto de Santa Mar\u00eda","potentialAction":[{"@type":"SearchAction","target":{"@type":"EntryPoint","urlTemplate":"https:\/\/purolatino.es\/cadiz\/?s={search_term_string}"},"query-input":{"@type":"PropertyValueSpecification","valueRequired":true,"valueName":"search_term_string"}}],"inLanguage":"es"}]}},"jetpack_sharing_enabled":true,"_links":{"self":[{"href":"https:\/\/purolatino.es\/cadiz\/wp-json\/wp\/v2\/pages\/2885","targetHints":{"allow":["GET"]}}],"collection":[{"href":"https:\/\/purolatino.es\/cadiz\/wp-json\/wp\/v2\/pages"}],"about":[{"href":"https:\/\/purolatino.es\/cadiz\/wp-json\/wp\/v2\/types\/page"}],"author":[{"embeddable":true,"href":"https:\/\/purolatino.es\/cadiz\/wp-json\/wp\/v2\/users\/3"}],"replies":[{"embeddable":true,"href":"https:\/\/purolatino.es\/cadiz\/wp-json\/wp\/v2\/comments?post=2885"}],"version-history":[{"count":7,"href":"https:\/\/purolatino.es\/cadiz\/wp-json\/wp\/v2\/pages\/2885\/revisions"}],"predecessor-version":[{"id":3051,"href":"https:\/\/purolatino.es\/cadiz\/wp-json\/wp\/v2\/pages\/2885\/revisions\/3051"}],"wp:attachment":[{"href":"https:\/\/purolatino.es\/cadiz\/wp-json\/wp\/v2\/media?parent=2885"}],"curies":[{"name":"wp","href":"https:\/\/api.w.org\/{rel}","templated":true}]}}