{"id":2893,"date":"2026-03-12T11:32:42","date_gmt":"2026-03-12T11:32:42","guid":{"rendered":"https:\/\/purolatino.es\/cadiz\/?page_id=2893"},"modified":"2026-03-12T12:21:36","modified_gmt":"2026-03-12T12:21:36","slug":"bono-plataforma-b","status":"publish","type":"page","link":"https:\/\/purolatino.es\/cadiz\/bono-plataforma-b\/","title":{"rendered":"BONO PLATAFORMA B"},"content":{"rendered":"<div>\n<p>    <a href=\"javascript: history.go(-1)\">VOLVER<\/a><\/p>\n<\/div>\n<h1>BONO PLATAFORMA B<\/h1>\n<div>\n<p>+ Para cualquier incidencia o error en el proceso de compra puedes contactar con atenci\u00f3n al cliente del servicio de venta de entradas desde este correo: \u00a0<a href=\"mailto:info@ayudaeventos.com\" target=\"_blank\" rel=\"noopener\">info@ayudaeventos.com <\/a>o en el tel\u00e9fono 910053595<\/p>\n<p>+ Para descargar la autorizaci\u00f3n de menores:\u00a0<a href=\"https:\/\/purolatino.es\/cadiz\/autorizacion-menores\/\">autorizacion menores<\/a><\/p>\n<\/div>\n<hr>\n<div>\n<div id=\"evezing-shop-puro-latino-fest-el-puerto-de-santa-maria-2026-1\" style=\"padding-bottom: 15px;\">\n<p class=\"evezing-shop-checking\" style=\"padding: 15px; font-size: 16px; text-align: center; color: rgb(102, 102, 102);\">Comprobando disponibilidad de entradas&#8230;<\/p>\n<\/div>\n<p><script src=\"https:\/\/purolatino22.evezing.com\/iframe-shop\/event\/puro-latino-fest-el-puerto-de-santa-maria-2026-1\" id=\"evezing-script-puro-latino-fest-el-puerto-de-santa-maria-2026-1\" type=\"text\/javascript\"><\/script><\/p>\n<\/div>\n<div>\n<p><span><img decoding=\"async\" src=\"https:\/\/purolatino.es\/torremolinos\/wp-content\/uploads\/sites\/13\/2023\/03\/pmr.svg\" alt=\"\" class=\"size-full wp-image-1113 alignleft\" \/><\/span><\/p>\n<p><span>Las entradas de Movilidad Reducida son \u00fanicamente para personas en Silla de Ruedas. M\u00e1ximo 1 acompa\u00f1ante por silla de ruedas.\u00a0 Para adquirir tu entrada PMR Y ACOMPA\u00d1ANTE contacta con <\/span><a class=\"moz-txt-link-abbreviated\" title=\"mailto:info@ayudaeventos.com\" contenteditable=\"false\" href=\"mailto:info@ayudaeventos.com\">info@ayudaeventos.com<\/a><\/p>\n<\/p>\n<\/div>\n<p><!--more--><br \/>\n<!-- {\"type\":\"layout\",\"children\":[{\"type\":\"section\",\"props\":{\"image_position\":\"center-center\",\"style\":\"default\",\"title_breakpoint\":\"xl\",\"title_position\":\"top-left\",\"title_rotation\":\"left\",\"vertical_align\":\"\",\"width\":\"default\"},\"children\":[{\"type\":\"row\",\"children\":[{\"type\":\"column\",\"props\":{\"image_position\":\"center-center\",\"position_sticky_breakpoint\":\"m\",\"width_medium\":\"1-1\"},\"children\":[{\"type\":\"html\",\"props\":{\"content\":\"<a href=\\\"javascript: history.go(-1)\\\">VOLVER<\\\/a>\\n\"}},{\"type\":\"headline\",\"props\":{\"content\":\"BONO PLATAFORMA B\",\"title_element\":\"h1\"}},{\"type\":\"text\",\"props\":{\"column_breakpoint\":\"m\",\"content\":\"\n\n<p>+ Para cualquier incidencia o error en el proceso de compra puedes contactar con atenci\\u00f3n al cliente del servicio de venta de entradas desde este correo: \\u00a0<a href=\\\"mailto:info@ayudaeventos.com\\\" target=\\\"_blank\\\" rel=\\\"noopener\\\">info@ayudaeventos.com <\\\/a>o en el tel\\u00e9fono 910053595<\\\/p>\\n\n\n<p>+ Para descargar la autorizaci\\u00f3n de menores:\\u00a0<a href=\\\"https:\\\/\\\/purolatino.es\\\/cadiz\\\/autorizacion-menores\\\/\\\">autorizacion menores<\\\/a><\\\/p>\",\"margin\":\"default\"}},{\"type\":\"divider\",\"props\":{\"divider_element\":\"hr\"}},{\"type\":\"html\",\"props\":{\"content\":\"\n\n<div id=\\\"evezing-shop-puro-latino-fest-el-puerto-de-santa-maria-2026-1\\\" style=\\\"padding-bottom: 15px;\\\">\n\n<p class=\\\"evezing-shop-checking\\\" style=\\\"padding: 15px; font-size: 16px; text-align: center; color: rgb(102, 102, 102);\\\">Comprobando disponibilidad de entradas...<\\\/p><\\\/div><script src=\\\"https:\\\/\\\/purolatino22.evezing.com\\\/iframe-shop\\\/event\\\/puro-latino-fest-el-puerto-de-santa-maria-2026-1\\\" id=\\\"evezing-script-puro-latino-fest-el-puerto-de-santa-maria-2026-1\\\" type=\\\"text\\\/javascript\\\"><\\\/script>\\n\"}},{\"type\":\"text\",\"props\":{\"column_breakpoint\":\"m\",\"content\":\"\n\n<p><span><img src=\\\"https:\\\/\\\/purolatino.es\\\/torremolinos\\\/wp-content\\\/uploads\\\/sites\\\/13\\\/2023\\\/03\\\/pmr.svg\\\" alt=\\\"\\\" class=\\\"size-full wp-image-1113 alignleft\\\" \\\/><\\\/span><\\\/p>\\n\n\n<p><span>Las entradas de Movilidad Reducida son \\u00fanicamente para personas en Silla de Ruedas. M\\u00e1ximo 1 acompa\\u00f1ante por silla de ruedas.\\u00a0 Para adquirir tu entrada PMR Y ACOMPA\\u00d1ANTE contacta con <\\\/span><a class=\\\"moz-txt-link-abbreviated\\\" title=\\\"mailto:info@ayudaeventos.com\\\" contenteditable=\\\"false\\\" href=\\\"mailto:info@ayudaeventos.com\\\">info@ayudaeventos.com<\\\/a><\\\/p>\\n\n\n<p><\\\/p>\",\"margin\":\"default\"}}]}]}]}],\"version\":\"4.5.31\"} --><\/p>\n","protected":false},"excerpt":{"rendered":"<p>VOLVER BONO PLATAFORMA B + Para cualquier incidencia o error en el proceso de compra puedes contactar con atenci\u00f3n al cliente del servicio de venta de entradas desde este correo: \u00a0info@ayudaeventos.com o en el tel\u00e9fono 910053595 + Para descargar la autorizaci\u00f3n de menores:\u00a0autorizacion menores Comprobando disponibilidad de entradas&#8230; Las entradas de Movilidad Reducida son \u00fanicamente [&hellip;]<\/p>\n","protected":false},"author":3,"featured_media":0,"parent":0,"menu_order":0,"comment_status":"closed","ping_status":"closed","template":"","meta":{"footnotes":""},"class_list":["post-2893","page","type-page","status-publish","hentry"],"yoast_head":"<!-- This site is optimized with the Yoast SEO plugin v27.5 - https:\/\/yoast.com\/product\/yoast-seo-wordpress\/ -->\n<title>BONO PLATAFORMA B - Cadiz<\/title>\n<meta name=\"robots\" content=\"index, follow, max-snippet:-1, max-image-preview:large, max-video-preview:-1\" \/>\n<link rel=\"canonical\" href=\"https:\/\/purolatino.es\/cadiz\/bono-plataforma-b\/\" \/>\n<meta property=\"og:locale\" content=\"es_ES\" \/>\n<meta property=\"og:type\" content=\"article\" \/>\n<meta property=\"og:title\" content=\"BONO PLATAFORMA B - Cadiz\" \/>\n<meta property=\"og:description\" content=\"VOLVER BONO PLATAFORMA B + Para cualquier incidencia o error en el proceso de compra puedes contactar con atenci\u00f3n al cliente del servicio de venta de entradas desde este correo: \u00a0info@ayudaeventos.com o en el tel\u00e9fono 910053595 + Para descargar la autorizaci\u00f3n de menores:\u00a0autorizacion menores Comprobando disponibilidad de entradas&#8230; Las entradas de Movilidad Reducida son \u00fanicamente [&hellip;]\" \/>\n<meta property=\"og:url\" content=\"https:\/\/purolatino.es\/cadiz\/bono-plataforma-b\/\" \/>\n<meta property=\"og:site_name\" content=\"Cadiz\" \/>\n<meta property=\"article:modified_time\" content=\"2026-03-12T12:21:36+00:00\" \/>\n<meta name=\"twitter:card\" content=\"summary_large_image\" \/>\n<script type=\"application\/ld+json\" class=\"yoast-schema-graph\">{\"@context\":\"https:\\\/\\\/schema.org\",\"@graph\":[{\"@type\":\"WebPage\",\"@id\":\"https:\\\/\\\/purolatino.es\\\/cadiz\\\/bono-plataforma-b\\\/\",\"url\":\"https:\\\/\\\/purolatino.es\\\/cadiz\\\/bono-plataforma-b\\\/\",\"name\":\"BONO PLATAFORMA B - Cadiz\",\"isPartOf\":{\"@id\":\"https:\\\/\\\/purolatino.es\\\/cadiz\\\/#website\"},\"primaryImageOfPage\":{\"@id\":\"https:\\\/\\\/purolatino.es\\\/cadiz\\\/bono-plataforma-b\\\/#primaryimage\"},\"image\":{\"@id\":\"https:\\\/\\\/purolatino.es\\\/cadiz\\\/bono-plataforma-b\\\/#primaryimage\"},\"thumbnailUrl\":\"https:\\\/\\\/purolatino.es\\\/torremolinos\\\/wp-content\\\/uploads\\\/sites\\\/13\\\/2023\\\/03\\\/pmr.svg\",\"datePublished\":\"2026-03-12T11:32:42+00:00\",\"dateModified\":\"2026-03-12T12:21:36+00:00\",\"breadcrumb\":{\"@id\":\"https:\\\/\\\/purolatino.es\\\/cadiz\\\/bono-plataforma-b\\\/#breadcrumb\"},\"inLanguage\":\"es\",\"potentialAction\":[{\"@type\":\"ReadAction\",\"target\":[\"https:\\\/\\\/purolatino.es\\\/cadiz\\\/bono-plataforma-b\\\/\"]}]},{\"@type\":\"ImageObject\",\"inLanguage\":\"es\",\"@id\":\"https:\\\/\\\/purolatino.es\\\/cadiz\\\/bono-plataforma-b\\\/#primaryimage\",\"url\":\"https:\\\/\\\/purolatino.es\\\/torremolinos\\\/wp-content\\\/uploads\\\/sites\\\/13\\\/2023\\\/03\\\/pmr.svg\",\"contentUrl\":\"https:\\\/\\\/purolatino.es\\\/torremolinos\\\/wp-content\\\/uploads\\\/sites\\\/13\\\/2023\\\/03\\\/pmr.svg\"},{\"@type\":\"BreadcrumbList\",\"@id\":\"https:\\\/\\\/purolatino.es\\\/cadiz\\\/bono-plataforma-b\\\/#breadcrumb\",\"itemListElement\":[{\"@type\":\"ListItem\",\"position\":1,\"name\":\"Portada\",\"item\":\"https:\\\/\\\/purolatino.es\\\/cadiz\\\/\"},{\"@type\":\"ListItem\",\"position\":2,\"name\":\"BONO PLATAFORMA B\"}]},{\"@type\":\"WebSite\",\"@id\":\"https:\\\/\\\/purolatino.es\\\/cadiz\\\/#website\",\"url\":\"https:\\\/\\\/purolatino.es\\\/cadiz\\\/\",\"name\":\"Cadiz\",\"description\":\"El mayor festival de reggaeton de Espa\u00f1a en el Puerto de Santa Mar\u00eda\",\"potentialAction\":[{\"@type\":\"SearchAction\",\"target\":{\"@type\":\"EntryPoint\",\"urlTemplate\":\"https:\\\/\\\/purolatino.es\\\/cadiz\\\/?s={search_term_string}\"},\"query-input\":{\"@type\":\"PropertyValueSpecification\",\"valueRequired\":true,\"valueName\":\"search_term_string\"}}],\"inLanguage\":\"es\"}]}<\/script>\n<!-- \/ Yoast SEO plugin. -->","yoast_head_json":{"title":"BONO PLATAFORMA B - Cadiz","robots":{"index":"index","follow":"follow","max-snippet":"max-snippet:-1","max-image-preview":"max-image-preview:large","max-video-preview":"max-video-preview:-1"},"canonical":"https:\/\/purolatino.es\/cadiz\/bono-plataforma-b\/","og_locale":"es_ES","og_type":"article","og_title":"BONO PLATAFORMA B - Cadiz","og_description":"VOLVER BONO PLATAFORMA B + Para cualquier incidencia o error en el proceso de compra puedes contactar con atenci\u00f3n al cliente del servicio de venta de entradas desde este correo: \u00a0info@ayudaeventos.com o en el tel\u00e9fono 910053595 + Para descargar la autorizaci\u00f3n de menores:\u00a0autorizacion menores Comprobando disponibilidad de entradas&#8230; Las entradas de Movilidad Reducida son \u00fanicamente [&hellip;]","og_url":"https:\/\/purolatino.es\/cadiz\/bono-plataforma-b\/","og_site_name":"Cadiz","article_modified_time":"2026-03-12T12:21:36+00:00","twitter_card":"summary_large_image","schema":{"@context":"https:\/\/schema.org","@graph":[{"@type":"WebPage","@id":"https:\/\/purolatino.es\/cadiz\/bono-plataforma-b\/","url":"https:\/\/purolatino.es\/cadiz\/bono-plataforma-b\/","name":"BONO PLATAFORMA B - Cadiz","isPartOf":{"@id":"https:\/\/purolatino.es\/cadiz\/#website"},"primaryImageOfPage":{"@id":"https:\/\/purolatino.es\/cadiz\/bono-plataforma-b\/#primaryimage"},"image":{"@id":"https:\/\/purolatino.es\/cadiz\/bono-plataforma-b\/#primaryimage"},"thumbnailUrl":"https:\/\/purolatino.es\/torremolinos\/wp-content\/uploads\/sites\/13\/2023\/03\/pmr.svg","datePublished":"2026-03-12T11:32:42+00:00","dateModified":"2026-03-12T12:21:36+00:00","breadcrumb":{"@id":"https:\/\/purolatino.es\/cadiz\/bono-plataforma-b\/#breadcrumb"},"inLanguage":"es","potentialAction":[{"@type":"ReadAction","target":["https:\/\/purolatino.es\/cadiz\/bono-plataforma-b\/"]}]},{"@type":"ImageObject","inLanguage":"es","@id":"https:\/\/purolatino.es\/cadiz\/bono-plataforma-b\/#primaryimage","url":"https:\/\/purolatino.es\/torremolinos\/wp-content\/uploads\/sites\/13\/2023\/03\/pmr.svg","contentUrl":"https:\/\/purolatino.es\/torremolinos\/wp-content\/uploads\/sites\/13\/2023\/03\/pmr.svg"},{"@type":"BreadcrumbList","@id":"https:\/\/purolatino.es\/cadiz\/bono-plataforma-b\/#breadcrumb","itemListElement":[{"@type":"ListItem","position":1,"name":"Portada","item":"https:\/\/purolatino.es\/cadiz\/"},{"@type":"ListItem","position":2,"name":"BONO PLATAFORMA B"}]},{"@type":"WebSite","@id":"https:\/\/purolatino.es\/cadiz\/#website","url":"https:\/\/purolatino.es\/cadiz\/","name":"Cadiz","description":"El mayor festival de reggaeton de Espa\u00f1a en el Puerto de Santa Mar\u00eda","potentialAction":[{"@type":"SearchAction","target":{"@type":"EntryPoint","urlTemplate":"https:\/\/purolatino.es\/cadiz\/?s={search_term_string}"},"query-input":{"@type":"PropertyValueSpecification","valueRequired":true,"valueName":"search_term_string"}}],"inLanguage":"es"}]}},"jetpack_sharing_enabled":true,"_links":{"self":[{"href":"https:\/\/purolatino.es\/cadiz\/wp-json\/wp\/v2\/pages\/2893","targetHints":{"allow":["GET"]}}],"collection":[{"href":"https:\/\/purolatino.es\/cadiz\/wp-json\/wp\/v2\/pages"}],"about":[{"href":"https:\/\/purolatino.es\/cadiz\/wp-json\/wp\/v2\/types\/page"}],"author":[{"embeddable":true,"href":"https:\/\/purolatino.es\/cadiz\/wp-json\/wp\/v2\/users\/3"}],"replies":[{"embeddable":true,"href":"https:\/\/purolatino.es\/cadiz\/wp-json\/wp\/v2\/comments?post=2893"}],"version-history":[{"count":4,"href":"https:\/\/purolatino.es\/cadiz\/wp-json\/wp\/v2\/pages\/2893\/revisions"}],"predecessor-version":[{"id":2950,"href":"https:\/\/purolatino.es\/cadiz\/wp-json\/wp\/v2\/pages\/2893\/revisions\/2950"}],"wp:attachment":[{"href":"https:\/\/purolatino.es\/cadiz\/wp-json\/wp\/v2\/media?parent=2893"}],"curies":[{"name":"wp","href":"https:\/\/api.w.org\/{rel}","templated":true}]}}