{"id":3021,"date":"2026-03-18T18:44:09","date_gmt":"2026-03-18T18:44:09","guid":{"rendered":"https:\/\/purolatino.es\/cadiz\/?page_id=3021"},"modified":"2026-03-18T18:44:10","modified_gmt":"2026-03-18T18:44:10","slug":"condiciones-generales-dia","status":"publish","type":"page","link":"https:\/\/purolatino.es\/cadiz\/condiciones-generales-dia\/","title":{"rendered":"CONDICIONES GENERALES DIA"},"content":{"rendered":"\n<p><strong>NORMAS Y CONDICIONES DE USO<\/strong><\/p>\n\n\n\n<p>Seg\u00fan establece el art\u00edculo 4 de la ley 13\/1999 de 15 de diciembre de la Junta de Andaluc\u00eda, de Espect\u00e1culos P\u00fablicos y Actividades Recreativas de Andaluc\u00eda, SOKO FEST MUSIC AIE, con NIF. V56502693 y direcci\u00f3n Postal en Plaza del Carmen, 2-2\u00ba C 18009 Granada, tlf: 858 90 82 99 &nbsp;Correo electr\u00f3nico: info@purolatino.es.<\/p>\n\n\n\n<p>En su condici\u00f3n de organizadora del PURO LATINO FESTIVAL PUERTO DE SANTA MAR\u00cdA, establece condiciones de admisi\u00f3n, as\u00ed como instrucciones y normativas particulares para el normal desarrollo del espect\u00e1culo. Aquellos puntos que no se especifiquen o regulen en las siguientes l\u00edneas, ser\u00e1n aplicados bajo la legislaci\u00f3n auton\u00f3mica y estatal vigente.<\/p>\n\n\n\n<p><strong>La tenencia y uso de la entrada o abono implica la aceptaci\u00f3n de&nbsp;las siguientes condiciones:<\/strong><\/p>\n\n\n\n<p>1.1. Entrada limitada al aforo de cada espacio.<\/p>\n\n\n\n<p>1.2. La organizaci\u00f3n se reserva el derecho a hacer cambios en la&nbsp;programaci\u00f3n y horarios del evento, debido a causas de fuerza mayor o \u00faltima hora. Igualmente, la organizaci\u00f3n se reserva el derecho a poner a la venta entradas diferentes a las actuales. El precio de las entradas no incluye los gastos de distribuci\u00f3n (Costes ajenos a&nbsp;la organizaci\u00f3n).<\/p>\n\n\n\n<p>1.3. La entrada no puede ser objeto de devoluci\u00f3n, ni cambio, salvo cancelaci\u00f3n total del evento, o modificaci\u00f3n de la fecha de celebraci\u00f3n del mismo. La Promotora se reserva el derecho de modificar, suspender o alterar cualquiera de las actividades y actuaciones propuestas en el cartel. Si la cancelaci\u00f3n es total la Promotora devolver\u00e1 el importe de la entrada en las condiciones que se publicar\u00e1n por este mismo medio, a excepci\u00f3n del coste de distribuci\u00f3n, al tratarse \u00e9ste de un servicio prestado por los canales de venta en el momento de la compraventa de la entrada. En ning\u00fan caso se devolver\u00e1 el importe de las entradas si la cancelaci\u00f3n se ha producido una vez comenzado el festival.<\/p>\n\n\n\n<p>1.4. Las entradas ser\u00e1n canjeadas por las pulseras correspondientes en las zonas habilitadas para canje, siendo responsabilidad del propietario conservarla en todo momento, ya que la manipulaci\u00f3n, rotura o p\u00e9rdida de la pulsera ser\u00e1 penalizada con la expulsi\u00f3n inmediata del recinto o se le negar\u00e1 el acceso al mismo.<\/p>\n\n\n\n<p>1.5. La pulsera es personal e intransferible.<\/p>\n\n\n\n<p>1.6. La organizaci\u00f3n no asume ninguna responsabilidad en caso de&nbsp;p\u00e9rdida, robo o compra de entradas y\/o pulseras en puntos de venta no&nbsp;oficiales. Las entradas s\u00f3lo podr\u00e1n ser adquiridas a trav\u00e9s de los puntos de&nbsp;venta oficiales indicados en la p\u00e1gina web oficial del festival<\/p>\n\n\n\n<p>1.7. La pulsera de libre acceso permite salir y volver a entrar del recinto de conciertos ilimitadamente. La pulsera de libre acceso es opcional, tiene un coste de 15\u20ac para todos los d\u00edas del festival. S\u00f3lo la necesitas si quieres entrar en m\u00e1s de una ocasi\u00f3n al recinto. Esta pulsera se adquiere en zona cashless. No es necesaria para la zona Oro y Platino.<\/p>\n\n\n\n<p>1.8. Para cualquier incidencia o error en el proceso de compra puedes contactar con atenci\u00f3n al cliente del servicio de venta de entradas desde este correo:&nbsp;<a href=\"mailto:info@ayudaeventos.com\">info@ayudaeventos.com<\/a><\/p>\n\n\n\n<p>1.9. \u00bfCu\u00e1ndo recibir\u00e9 mis entradas? En el mismo momento de realizar la compra recibir\u00e1s un email de confirmaci\u00f3n de compra, en este mismo email se activar\u00e1 un bot\u00f3n de descarga para descargar tus entradas en la misma semana del festival por motivos de seguridad.<\/p>\n\n\n\n<p>1.10. Las entradas deber\u00e1n ir asociadas al nombre y apellidos de la persona que las adquiri\u00f3. Si tu entrada no va asociada a este, deber\u00e1s realizar el cambio de nombre a trav\u00e9s de nuestra p\u00e1gina web.<br>El coste de realizar el cambio de nombre ser\u00e1 de 10\u20ac + gastos de distribuci\u00f3n (1,50\u20ac)<\/p>\n\n\n\n<p><strong>2- DERECHO DE ADMISI\u00d3N.<\/strong><\/p>\n\n\n\n<p><strong>La organizaci\u00f3n se reserva el derecho de admisi\u00f3n y establece&nbsp;las siguientes cl\u00e1usulas:<\/strong><\/p>\n\n\n\n<p>2.1.&nbsp;La organizaci\u00f3n nunca se har\u00e1 responsable de los procedimientos que los asistentes puedan utilizar para conseguir tabaco y\/o alcohol en el caso de los menores, o consumo de sustancias nocivas dentro del recinto del festival.<\/p>\n\n\n\n<p>2.2.&nbsp;En caso de ser MENOR DE EDAD y asistir al festival es necesario enviar y llevar impresa una autorizaci\u00f3n por parte del tutor del menor (padre\/madre\/tutor legal) para poder acceder. En el caso de menores de 16 a\u00f1os, adem\u00e1s ser\u00e1 obligatorio ir acompa\u00f1ado por el tutor acreditado, y entregar en el Control de Acceso la autorizaci\u00f3n para acceder al recinto del festival, siendo el tutor responsable de todos los actos del menor. Esta autorizaci\u00f3n ha de estar firmada por el padre, madre o tutor legal del menor asumiendo una total responsabilidad con respecto al acceso del menor al recinto. La autorizaci\u00f3n la puedes imprimir en el apartado de ENTRADAS de nuestra p\u00e1gina web oficial. (DESCARGAR AUTORIZACI\u00d3N). Igualmente, tanto el menor de edad como el tutor legal que le acompa\u00f1e deber\u00e1n presentar un documento que les identifique (DNI, Libro de Familia, Pasaporte).<\/p>\n\n\n\n<ul class=\"wp-block-list\">\n<li>Si el menor no presenta dicha autorizaci\u00f3n firmada, la direcci\u00f3n del festival se reserva el derecho de admisi\u00f3n denegando la entrada del menor. En el interior del recinto del festival queda exonerada cualquier responsabilidad del promotor en la custodia o cuidado del menor.<\/li>\n\n\n\n<li>El incumplimiento de las condiciones expresadas adem\u00e1s implica la no devoluci\u00f3n del importe abonado por la entrada.<\/li>\n\n\n\n<li>La entrada o abono es precio \u00fanico para cualquier edad.<\/li>\n<\/ul>\n\n\n\n<p>2.3. Seg\u00fan lo establecido en la legislaci\u00f3n, los asistentes podr\u00e1n ser registrados no estando permitida la entrada de objetos o utensilios que se estimen como peligrosos (armas blancas, vidrios, cascos de moto, etc.)<\/p>\n\n\n\n<p>2.4. La denegaci\u00f3n de acceso y la expulsi\u00f3n inmediata del recinto implica la no devoluci\u00f3n del importe de la entrada, la retirada de la pulsera correspondiente y podr\u00e1 llevarse a cabo por los siguientes motivos:<\/p>\n\n\n\n<ul class=\"wp-block-list\">\n<li>Incumplimiento de las indicaciones del personal de la entidad organizadora.<\/li>\n\n\n\n<li>Posesi\u00f3n y\/o tr\u00e1fico de drogas.<\/li>\n\n\n\n<li>Posesi\u00f3n de bengalas o fuegos artificiales.<\/li>\n\n\n\n<li>Encontrarse en estado de embriaguez alto o intoxicaci\u00f3n por estupefacientes, siendo responsable personalmente de sus actos y consecuencias.<\/li>\n\n\n\n<li>Hurtos y sustracciones en cualquiera de las \u00e1reas del recinto.<\/li>\n<\/ul>\n\n\n\n<p>2.5. No esta permitido entrar con animales de ning\u00fan tipo, excepto perro gu\u00eda para ciegos.<\/p>\n\n\n\n<p>2.6. El portador de la pulsera asume personalmente todo riesgo que pueda derivarse del evento y\/o de la concentraci\u00f3n de p\u00fablico a que da lugar el mismo tanto en el acceso como durante y en la salida del evento. La organizaci\u00f3n no se hace responsable por los objetos robados o los da\u00f1os causados por terceros.<\/p>\n\n\n\n<p>2.7. La Organizaci\u00f3n puede anular o modificar cualquiera de las anteriores condiciones siempre que lo considere oportuno y en beneficio del correcto funcionamiento del evento, en cuyo caso lo pondr\u00e1 en conocimiento del p\u00fablico asistente por los canales que considere adecuados.<\/p>\n\n\n\n<p><strong>3- OBLIGACIONES DEL P\u00daBLICO.<\/strong><\/p>\n\n\n\n<p><strong>Los asistentes deber\u00e1n:<\/strong><\/p>\n\n\n\n<p>3.1. Permanecer en las zonas autorizadas y asignadas sin invadir \u00e1reas destinadas a otros fines.<\/p>\n\n\n\n<p>3.2. Acceder a los espacios del recinto del festival a trav\u00e9s de los caminos, senderos o accesos que la organizaci\u00f3n tenga habilitados y se\u00f1alizados como permitidos y oficiales. La organizaci\u00f3n advierte abstenerse de escoger alternativas no autorizadas.<\/p>\n\n\n\n<p>3.3. Abstenerse de portar armas u otros objetos que puedan usarse como tales o sean considerados como peligrosos, as\u00ed como exhibir s\u00edmbolos, prendas u objetos que inciten a la violencia o supongan apolog\u00eda de&nbsp;actividades contrarias a los derechos fundamentales reconocidos en la&nbsp;Constituci\u00f3n y en especial que inciten el racismo, la xenofobia o violencia de&nbsp;g\u00e9nero.<\/p>\n\n\n\n<p>3.4. Cumplir los requisitos o normas de acceso y admisi\u00f3n establecidas con car\u00e1cter general por la organizaci\u00f3n.<\/p>\n\n\n\n<p>3.5. Abstenerse de acceder al escenario o backstage.<\/p>\n\n\n\n<p>3.6. Evitar acciones que puedan crear situaciones de peligro o incomodidad al p\u00fablico en general y al personal de la organizaci\u00f3n.<\/p>\n\n\n\n<p>La organizaci\u00f3n podr\u00e1 adoptar las medidas preventivas oportunas para asegurar el correcto desarrollo del espect\u00e1culo en caso de incumplimiento de las prohibiciones y limitaciones expuestas.<\/p>\n\n\n\n<p><strong>4- PROPIEDAD INTELECTUAL E IMAGEN Y&nbsp;PROTECCI\u00d3N DE DATOS<\/strong><\/p>\n\n\n\n<p>4.1. Quedan reservados los derechos de imagen y propiedad intelectual procedentes de cualquier celebraci\u00f3n o actuaci\u00f3n art\u00edstica que tengan lugar dentro del recinto. El entrar al recinto implica que sus asistentes aceptan que pueden ser filmados, grabados y\/o fotografiados como parte del p\u00fablico asistente por medios de comunicaci\u00f3n autorizados para posibles proyecciones en el marco promociona y de marketing, sin derecho a compensaci\u00f3n alguna.<\/p>\n\n\n\n<p>4.2. No se permite acceder al recinto con c\u00e1maras o equipos de grabaci\u00f3n profesionales excepto con una autorizaci\u00f3n expresa remitida por la organizaci\u00f3n. Tampoco se permite acceder con equipos de sonido.<\/p>\n\n\n\n<p>4.3. De conformidad con lo dispuesto en el Reglamento Europeo 2016\/679 de 27 de abril de 2016,&nbsp;&nbsp;de Protecci\u00f3n de Datos de Car\u00e1cter Personal, los datos facilitados ser\u00e1n comunicados a la entidad titular del evento SOKO FEST MUSIC AIE para la gesti\u00f3n del evento y de sus clientes as\u00ed como el env\u00edo de informaci\u00f3n comercial y promocional de sus eventos, servicios y productos.<\/p>\n\n\n\n<p>Como asistente al evento, el usuario entiende y acepta que sus datos\/imagen pueden ser publicados por SOKO FEST MUSIC AIEE en los siguientes medios y con las finalidades anteriormente citadas:<\/p>\n\n\n\n<ul class=\"wp-block-list\">\n<li>en la web deSOKO FEST MUSIC AIE www.purolatino.es<\/li>\n\n\n\n<li>Redes sociales (facebook, twitter, instagram, youtube, myspace, tuenti, etc.)<\/li>\n\n\n\n<li>Cualquier otro soporte publicitario, de comunicaci\u00f3n o con finalidades comerciales.<\/li>\n<\/ul>\n\n\n\n<p>4.4. Puede ejercitar sus derechos ARCOP ( acceso, rectificaci\u00f3n, cancelaci\u00f3n, oposici\u00f3n y portabilidad) en relaci\u00f3n con sus datos personales dirigi\u00e9ndose por escrito y adjuntando fotocopia del DNI a la direcci\u00f3n de : SOKO FEST MUSIC AIE, con NIF. V56502693&nbsp;&nbsp;y direcci\u00f3n Postal en Plaza del Carmen, 2-2\u00ba C \u2013 18009 Granada, Correo electr\u00f3nico: info@purolatino.es.<\/p>\n\n\n\n<p>Agradecemos tu colaboraci\u00f3n para mantener el espacio y las instalaciones en las mejores condiciones posibles. Agradecemos tu ayuda y que colabores en mantener todos los espacios en las condiciones que a ti te gustar\u00eda encontrarlos. Trabajamos para facilitarte tu estancia y que disfrutes y te diviertas, as\u00ed que agradecemos que t\u00fa tambi\u00e9n colabores y nos facilites nuestra labor.<\/p>\n\n\n\n<p>El buen trato y el respeto mutuo no es obligatorio, pero s\u00ed lo consideramos muy conveniente.<\/p>\n\n\n\n<p>Gracias y Bienvenid@ a PURO LATINO.<\/p>\n","protected":false},"excerpt":{"rendered":"<p>NORMAS Y CONDICIONES DE USO Seg\u00fan establece el art\u00edculo 4 de la ley 13\/1999 de 15 de diciembre de la Junta de Andaluc\u00eda, de Espect\u00e1culos P\u00fablicos y Actividades Recreativas de Andaluc\u00eda, SOKO FEST MUSIC AIE, con NIF. V56502693 y direcci\u00f3n Postal en Plaza del Carmen, 2-2\u00ba C 18009 Granada, tlf: 858 90 82 99 &nbsp;Correo [&hellip;]<\/p>\n","protected":false},"author":3,"featured_media":0,"parent":0,"menu_order":0,"comment_status":"closed","ping_status":"closed","template":"","meta":{"footnotes":""},"class_list":["post-3021","page","type-page","status-publish","hentry"],"yoast_head":"<!-- This site is optimized with the Yoast SEO plugin v27.5 - https:\/\/yoast.com\/product\/yoast-seo-wordpress\/ -->\n<title>CONDICIONES GENERALES DIA - Cadiz<\/title>\n<meta name=\"robots\" content=\"index, follow, max-snippet:-1, max-image-preview:large, max-video-preview:-1\" \/>\n<link rel=\"canonical\" href=\"https:\/\/purolatino.es\/cadiz\/condiciones-generales-dia\/\" \/>\n<meta property=\"og:locale\" content=\"es_ES\" \/>\n<meta property=\"og:type\" content=\"article\" \/>\n<meta property=\"og:title\" content=\"CONDICIONES GENERALES DIA - Cadiz\" \/>\n<meta property=\"og:description\" content=\"NORMAS Y CONDICIONES DE USO Seg\u00fan establece el art\u00edculo 4 de la ley 13\/1999 de 15 de diciembre de la Junta de Andaluc\u00eda, de Espect\u00e1culos P\u00fablicos y Actividades Recreativas de Andaluc\u00eda, SOKO FEST MUSIC AIE, con NIF. V56502693 y direcci\u00f3n Postal en Plaza del Carmen, 2-2\u00ba C 18009 Granada, tlf: 858 90 82 99 &nbsp;Correo [&hellip;]\" \/>\n<meta property=\"og:url\" content=\"https:\/\/purolatino.es\/cadiz\/condiciones-generales-dia\/\" \/>\n<meta property=\"og:site_name\" content=\"Cadiz\" \/>\n<meta property=\"article:modified_time\" content=\"2026-03-18T18:44:10+00:00\" \/>\n<meta name=\"twitter:card\" content=\"summary_large_image\" \/>\n<meta name=\"twitter:label1\" content=\"Tiempo de lectura\" \/>\n\t<meta name=\"twitter:data1\" content=\"8 minutos\" \/>\n<script type=\"application\/ld+json\" class=\"yoast-schema-graph\">{\"@context\":\"https:\\\/\\\/schema.org\",\"@graph\":[{\"@type\":\"WebPage\",\"@id\":\"https:\\\/\\\/purolatino.es\\\/cadiz\\\/condiciones-generales-dia\\\/\",\"url\":\"https:\\\/\\\/purolatino.es\\\/cadiz\\\/condiciones-generales-dia\\\/\",\"name\":\"CONDICIONES GENERALES DIA - Cadiz\",\"isPartOf\":{\"@id\":\"https:\\\/\\\/purolatino.es\\\/cadiz\\\/#website\"},\"datePublished\":\"2026-03-18T18:44:09+00:00\",\"dateModified\":\"2026-03-18T18:44:10+00:00\",\"breadcrumb\":{\"@id\":\"https:\\\/\\\/purolatino.es\\\/cadiz\\\/condiciones-generales-dia\\\/#breadcrumb\"},\"inLanguage\":\"es\",\"potentialAction\":[{\"@type\":\"ReadAction\",\"target\":[\"https:\\\/\\\/purolatino.es\\\/cadiz\\\/condiciones-generales-dia\\\/\"]}]},{\"@type\":\"BreadcrumbList\",\"@id\":\"https:\\\/\\\/purolatino.es\\\/cadiz\\\/condiciones-generales-dia\\\/#breadcrumb\",\"itemListElement\":[{\"@type\":\"ListItem\",\"position\":1,\"name\":\"Portada\",\"item\":\"https:\\\/\\\/purolatino.es\\\/cadiz\\\/\"},{\"@type\":\"ListItem\",\"position\":2,\"name\":\"CONDICIONES GENERALES DIA\"}]},{\"@type\":\"WebSite\",\"@id\":\"https:\\\/\\\/purolatino.es\\\/cadiz\\\/#website\",\"url\":\"https:\\\/\\\/purolatino.es\\\/cadiz\\\/\",\"name\":\"Cadiz\",\"description\":\"El mayor festival de reggaeton de Espa\u00f1a en el Puerto de Santa Mar\u00eda\",\"potentialAction\":[{\"@type\":\"SearchAction\",\"target\":{\"@type\":\"EntryPoint\",\"urlTemplate\":\"https:\\\/\\\/purolatino.es\\\/cadiz\\\/?s={search_term_string}\"},\"query-input\":{\"@type\":\"PropertyValueSpecification\",\"valueRequired\":true,\"valueName\":\"search_term_string\"}}],\"inLanguage\":\"es\"}]}<\/script>\n<!-- \/ Yoast SEO plugin. -->","yoast_head_json":{"title":"CONDICIONES GENERALES DIA - Cadiz","robots":{"index":"index","follow":"follow","max-snippet":"max-snippet:-1","max-image-preview":"max-image-preview:large","max-video-preview":"max-video-preview:-1"},"canonical":"https:\/\/purolatino.es\/cadiz\/condiciones-generales-dia\/","og_locale":"es_ES","og_type":"article","og_title":"CONDICIONES GENERALES DIA - Cadiz","og_description":"NORMAS Y CONDICIONES DE USO Seg\u00fan establece el art\u00edculo 4 de la ley 13\/1999 de 15 de diciembre de la Junta de Andaluc\u00eda, de Espect\u00e1culos P\u00fablicos y Actividades Recreativas de Andaluc\u00eda, SOKO FEST MUSIC AIE, con NIF. V56502693 y direcci\u00f3n Postal en Plaza del Carmen, 2-2\u00ba C 18009 Granada, tlf: 858 90 82 99 &nbsp;Correo [&hellip;]","og_url":"https:\/\/purolatino.es\/cadiz\/condiciones-generales-dia\/","og_site_name":"Cadiz","article_modified_time":"2026-03-18T18:44:10+00:00","twitter_card":"summary_large_image","twitter_misc":{"Tiempo de lectura":"8 minutos"},"schema":{"@context":"https:\/\/schema.org","@graph":[{"@type":"WebPage","@id":"https:\/\/purolatino.es\/cadiz\/condiciones-generales-dia\/","url":"https:\/\/purolatino.es\/cadiz\/condiciones-generales-dia\/","name":"CONDICIONES GENERALES DIA - Cadiz","isPartOf":{"@id":"https:\/\/purolatino.es\/cadiz\/#website"},"datePublished":"2026-03-18T18:44:09+00:00","dateModified":"2026-03-18T18:44:10+00:00","breadcrumb":{"@id":"https:\/\/purolatino.es\/cadiz\/condiciones-generales-dia\/#breadcrumb"},"inLanguage":"es","potentialAction":[{"@type":"ReadAction","target":["https:\/\/purolatino.es\/cadiz\/condiciones-generales-dia\/"]}]},{"@type":"BreadcrumbList","@id":"https:\/\/purolatino.es\/cadiz\/condiciones-generales-dia\/#breadcrumb","itemListElement":[{"@type":"ListItem","position":1,"name":"Portada","item":"https:\/\/purolatino.es\/cadiz\/"},{"@type":"ListItem","position":2,"name":"CONDICIONES GENERALES DIA"}]},{"@type":"WebSite","@id":"https:\/\/purolatino.es\/cadiz\/#website","url":"https:\/\/purolatino.es\/cadiz\/","name":"Cadiz","description":"El mayor festival de reggaeton de Espa\u00f1a en el Puerto de Santa Mar\u00eda","potentialAction":[{"@type":"SearchAction","target":{"@type":"EntryPoint","urlTemplate":"https:\/\/purolatino.es\/cadiz\/?s={search_term_string}"},"query-input":{"@type":"PropertyValueSpecification","valueRequired":true,"valueName":"search_term_string"}}],"inLanguage":"es"}]}},"jetpack_sharing_enabled":true,"_links":{"self":[{"href":"https:\/\/purolatino.es\/cadiz\/wp-json\/wp\/v2\/pages\/3021","targetHints":{"allow":["GET"]}}],"collection":[{"href":"https:\/\/purolatino.es\/cadiz\/wp-json\/wp\/v2\/pages"}],"about":[{"href":"https:\/\/purolatino.es\/cadiz\/wp-json\/wp\/v2\/types\/page"}],"author":[{"embeddable":true,"href":"https:\/\/purolatino.es\/cadiz\/wp-json\/wp\/v2\/users\/3"}],"replies":[{"embeddable":true,"href":"https:\/\/purolatino.es\/cadiz\/wp-json\/wp\/v2\/comments?post=3021"}],"version-history":[{"count":1,"href":"https:\/\/purolatino.es\/cadiz\/wp-json\/wp\/v2\/pages\/3021\/revisions"}],"predecessor-version":[{"id":3022,"href":"https:\/\/purolatino.es\/cadiz\/wp-json\/wp\/v2\/pages\/3021\/revisions\/3022"}],"wp:attachment":[{"href":"https:\/\/purolatino.es\/cadiz\/wp-json\/wp\/v2\/media?parent=3021"}],"curies":[{"name":"wp","href":"https:\/\/api.w.org\/{rel}","templated":true}]}}